{"id":8010,"date":"2020-11-30T14:38:07","date_gmt":"2020-11-30T14:38:07","guid":{"rendered":"https:\/\/test-web-rafc.connectus.es\/recomanacions-de-la-reial-academia-de-farmacia-de-catalunya"},"modified":"2020-12-15T20:54:51","modified_gmt":"2020-12-15T20:54:51","slug":"recomendaciones-de-la-real-academia-de-farmacia-de-cataluna","status":"publish","type":"page","link":"https:\/\/rafc.cat\/es\/recomendaciones-de-la-real-academia-de-farmacia-de-cataluna\/","title":{"rendered":"Recomendaciones de la Real Academia de Farmacia de Catalu\u00f1a"},"content":{"rendered":"\t\t<div data-elementor-type=\"wp-page\" data-elementor-id=\"8010\" class=\"elementor elementor-8010\" data-elementor-post-type=\"page\">\n\t\t\t\t\t\t<section class=\"elementor-section elementor-top-section elementor-element elementor-element-f47c787 elementor-section-full_width elementor-section-height-default elementor-section-height-default\" data-id=\"f47c787\" data-element_type=\"section\" data-settings=\"{&quot;background_background&quot;:&quot;classic&quot;}\">\n\t\t\t\t\t\t\t<div class=\"elementor-background-overlay\"><\/div>\n\t\t\t\t\t\t\t<div class=\"elementor-container elementor-column-gap-no\">\n\t\t\t\t\t<div class=\"elementor-column elementor-col-33 elementor-top-column elementor-element elementor-element-deb0949\" data-id=\"deb0949\" data-element_type=\"column\">\n\t\t\t<div class=\"elementor-widget-wrap elementor-element-populated\">\n\t\t\t\t\t\t<div class=\"elementor-element elementor-element-3f9690d elementor-widget elementor-widget-spacer\" data-id=\"3f9690d\" data-element_type=\"widget\" data-widget_type=\"spacer.default\">\n\t\t\t\t<div class=\"elementor-widget-container\">\n\t\t\t\t\t\t\t<div class=\"elementor-spacer\">\n\t\t\t<div class=\"elementor-spacer-inner\"><\/div>\n\t\t<\/div>\n\t\t\t\t\t\t<\/div>\n\t\t\t\t<\/div>\n\t\t\t\t<div class=\"elementor-element elementor-element-8f72ced elementor-widget elementor-widget-heading\" data-id=\"8f72ced\" data-element_type=\"widget\" data-widget_type=\"heading.default\">\n\t\t\t\t<div class=\"elementor-widget-container\">\n\t\t\t\t\t<h2 class=\"elementor-heading-title elementor-size-default\"><br>\nRecomendaciones de la Academia<\/h2>\t\t\t\t<\/div>\n\t\t\t\t<\/div>\n\t\t\t\t<div class=\"elementor-element elementor-element-54816bc elementor-hidden-desktop elementor-widget-divider--view-line elementor-widget elementor-widget-divider\" data-id=\"54816bc\" data-element_type=\"widget\" data-widget_type=\"divider.default\">\n\t\t\t\t<div class=\"elementor-widget-container\">\n\t\t\t\t\t\t\t<div class=\"elementor-divider\">\n\t\t\t<span class=\"elementor-divider-separator\">\n\t\t\t\t\t\t<\/span>\n\t\t<\/div>\n\t\t\t\t\t\t<\/div>\n\t\t\t\t<\/div>\n\t\t\t\t\t<\/div>\n\t\t<\/div>\n\t\t\t\t<div class=\"elementor-column elementor-col-33 elementor-top-column elementor-element elementor-element-bd91843 elementor-hidden-phone\" data-id=\"bd91843\" data-element_type=\"column\">\n\t\t\t<div class=\"elementor-widget-wrap\">\n\t\t\t\t\t\t\t<\/div>\n\t\t<\/div>\n\t\t\t\t<div class=\"elementor-column elementor-col-33 elementor-top-column elementor-element elementor-element-db6f329 elementor-hidden-phone\" data-id=\"db6f329\" data-element_type=\"column\">\n\t\t\t<div class=\"elementor-widget-wrap elementor-element-populated\">\n\t\t\t\t\t\t<div class=\"elementor-element elementor-element-951a0e8 elementor-widget elementor-widget-spacer\" data-id=\"951a0e8\" data-element_type=\"widget\" data-widget_type=\"spacer.default\">\n\t\t\t\t<div class=\"elementor-widget-container\">\n\t\t\t\t\t\t\t<div class=\"elementor-spacer\">\n\t\t\t<div class=\"elementor-spacer-inner\"><\/div>\n\t\t<\/div>\n\t\t\t\t\t\t<\/div>\n\t\t\t\t<\/div>\n\t\t\t\t\t<\/div>\n\t\t<\/div>\n\t\t\t\t\t<\/div>\n\t\t<\/section>\n\t\t\t\t<section class=\"elementor-section elementor-top-section elementor-element elementor-element-6f6fc734 elementor-section-stretched elementor-section-full_width elementor-section-height-default elementor-section-height-default\" data-id=\"6f6fc734\" data-element_type=\"section\" data-settings=\"{&quot;stretch_section&quot;:&quot;section-stretched&quot;,&quot;background_background&quot;:&quot;classic&quot;}\">\n\t\t\t\t\t\t\t<div class=\"elementor-background-overlay\"><\/div>\n\t\t\t\t\t\t\t<div class=\"elementor-container elementor-column-gap-default\">\n\t\t\t\t\t<div class=\"elementor-column elementor-col-100 elementor-top-column elementor-element elementor-element-6c1606f6\" data-id=\"6c1606f6\" data-element_type=\"column\">\n\t\t\t<div class=\"elementor-widget-wrap elementor-element-populated\">\n\t\t\t\t\t\t<div class=\"elementor-element elementor-element-560204a8 elementor-mobile-align-left elementor-tablet-align-left elementor-widget elementor-widget-breadcrumbs\" data-id=\"560204a8\" data-element_type=\"widget\" data-settings=\"{&quot;sticky&quot;:&quot;top&quot;,&quot;sticky_on&quot;:[&quot;desktop&quot;,&quot;tablet&quot;,&quot;mobile&quot;],&quot;sticky_offset&quot;:0,&quot;sticky_effects_offset&quot;:0,&quot;sticky_anchor_link_offset&quot;:0}\" data-widget_type=\"breadcrumbs.default\">\n\t\t\t\t<div class=\"elementor-widget-container\">\n\t\t\t\t\t<p id=\"breadcrumbs\"><span><span><a href=\"https:\/\/rafc.cat\/es\/\">Inicio<\/a><\/span><\/span><\/p>\t\t\t\t<\/div>\n\t\t\t\t<\/div>\n\t\t\t\t\t<\/div>\n\t\t<\/div>\n\t\t\t\t\t<\/div>\n\t\t<\/section>\n\t\t\t\t<section class=\"elementor-section elementor-top-section elementor-element elementor-element-5441186 elementor-section-full_width elementor-section-height-default elementor-section-height-default\" data-id=\"5441186\" data-element_type=\"section\" data-settings=\"{&quot;background_background&quot;:&quot;classic&quot;}\">\n\t\t\t\t\t\t\t<div class=\"elementor-background-overlay\"><\/div>\n\t\t\t\t\t\t\t<div class=\"elementor-container elementor-column-gap-default\">\n\t\t\t\t\t<div class=\"elementor-column elementor-col-25 elementor-top-column elementor-element elementor-element-df5428a\" data-id=\"df5428a\" data-element_type=\"column\" data-settings=\"{&quot;background_background&quot;:&quot;classic&quot;}\">\n\t\t\t<div class=\"elementor-widget-wrap elementor-element-populated\">\n\t\t\t\t\t\t<div class=\"elementor-element elementor-element-8a8eb60 elementor-widget elementor-widget-heading\" data-id=\"8a8eb60\" data-element_type=\"widget\" data-widget_type=\"heading.default\">\n\t\t\t\t<div class=\"elementor-widget-container\">\n\t\t\t\t\t<h2 class=\"elementor-heading-title elementor-size-default\">A\u00f1o<\/h2>\t\t\t\t<\/div>\n\t\t\t\t<\/div>\n\t\t\t\t\t<\/div>\n\t\t<\/div>\n\t\t\t\t<div class=\"elementor-column elementor-col-25 elementor-top-column elementor-element elementor-element-081b24b\" data-id=\"081b24b\" data-element_type=\"column\" data-settings=\"{&quot;background_background&quot;:&quot;classic&quot;}\">\n\t\t\t<div class=\"elementor-widget-wrap elementor-element-populated\">\n\t\t\t\t\t\t<div class=\"elementor-element elementor-element-eb9458d elementor-widget elementor-widget-heading\" data-id=\"eb9458d\" data-element_type=\"widget\" data-widget_type=\"heading.default\">\n\t\t\t\t<div class=\"elementor-widget-container\">\n\t\t\t\t\t<h2 class=\"elementor-heading-title elementor-size-default\">T\u00edtulo<\/h2>\t\t\t\t<\/div>\n\t\t\t\t<\/div>\n\t\t\t\t\t<\/div>\n\t\t<\/div>\n\t\t\t\t<div class=\"elementor-column elementor-col-25 elementor-top-column elementor-element elementor-element-13e546e elementor-hidden-phone\" data-id=\"13e546e\" data-element_type=\"column\" data-settings=\"{&quot;background_background&quot;:&quot;classic&quot;}\">\n\t\t\t<div class=\"elementor-widget-wrap elementor-element-populated\">\n\t\t\t\t\t\t<div class=\"elementor-element elementor-element-b563440 elementor-widget elementor-widget-heading\" data-id=\"b563440\" data-element_type=\"widget\" data-widget_type=\"heading.default\">\n\t\t\t\t<div class=\"elementor-widget-container\">\n\t\t\t\t\t<h2 class=\"elementor-heading-title elementor-size-default\">Archivo<\/h2>\t\t\t\t<\/div>\n\t\t\t\t<\/div>\n\t\t\t\t\t<\/div>\n\t\t<\/div>\n\t\t\t\t<div class=\"elementor-column elementor-col-25 elementor-top-column elementor-element elementor-element-7d0ecdb elementor-hidden-tablet elementor-hidden-phone\" data-id=\"7d0ecdb\" data-element_type=\"column\">\n\t\t\t<div class=\"elementor-widget-wrap\">\n\t\t\t\t\t\t\t<\/div>\n\t\t<\/div>\n\t\t\t\t\t<\/div>\n\t\t<\/section>\n\t\t\t\t<section class=\"elementor-section elementor-top-section elementor-element elementor-element-a1869cd elementor-section-full_width elementor-section-height-default elementor-section-height-default\" data-id=\"a1869cd\" data-element_type=\"section\" data-settings=\"{&quot;background_background&quot;:&quot;classic&quot;}\">\n\t\t\t\t\t\t\t<div class=\"elementor-background-overlay\"><\/div>\n\t\t\t\t\t\t\t<div class=\"elementor-container elementor-column-gap-no\">\n\t\t\t\t\t<div class=\"elementor-column elementor-col-50 elementor-top-column elementor-element elementor-element-55d1848\" data-id=\"55d1848\" data-element_type=\"column\">\n\t\t\t<div class=\"elementor-widget-wrap elementor-element-populated\">\n\t\t\t\t\t\t<div class=\"elementor-element elementor-element-4aab2af elementor-grid-1 elementor-grid-tablet-1 elementor-posts--thumbnail-top elementor-grid-mobile-1 elementor-widget elementor-widget-posts\" data-id=\"4aab2af\" data-element_type=\"widget\" data-settings=\"{&quot;custom_columns&quot;:&quot;1&quot;,&quot;custom_columns_tablet&quot;:&quot;1&quot;,&quot;custom_columns_mobile&quot;:&quot;1&quot;,&quot;custom_row_gap&quot;:{&quot;unit&quot;:&quot;px&quot;,&quot;size&quot;:35,&quot;sizes&quot;:[]},&quot;custom_row_gap_tablet&quot;:{&quot;unit&quot;:&quot;px&quot;,&quot;size&quot;:&quot;&quot;,&quot;sizes&quot;:[]},&quot;custom_row_gap_mobile&quot;:{&quot;unit&quot;:&quot;px&quot;,&quot;size&quot;:&quot;&quot;,&quot;sizes&quot;:[]}}\" data-widget_type=\"posts.custom\">\n\t\t\t\t<div class=\"elementor-widget-container\">\n\t\t\t\t\t      <div class=\"ecs-posts elementor-posts-container elementor-posts   elementor-grid elementor-posts--skin-custom\" data-settings=\"{&quot;current_page&quot;:1,&quot;max_num_pages&quot;:1,&quot;load_method&quot;:&quot;&quot;,&quot;widget_id&quot;:&quot;4aab2af&quot;,&quot;post_id&quot;:8010,&quot;theme_id&quot;:8010,&quot;change_url&quot;:false,&quot;reinit_js&quot;:false}\">\n      \t\t<article id=\"post-8463\" class=\"elementor-post elementor-grid-item ecs-post-loop post-8463 recomanacions_academ type-recomanacions_academ status-publish hentry\">\n\t\t\t\t<\/article>\n\t\t\t\t<\/div>\n\t\t\t\t\t\t<\/div>\n\t\t\t\t<\/div>\n\t\t\t\t\t<\/div>\n\t\t<\/div>\n\t\t\t\t<div class=\"elementor-column elementor-col-50 elementor-top-column elementor-element elementor-element-65c4411\" data-id=\"65c4411\" data-element_type=\"column\" data-settings=\"{&quot;background_background&quot;:&quot;classic&quot;}\">\n\t\t\t<div class=\"elementor-widget-wrap elementor-element-populated\">\n\t\t\t\t\t\t<div class=\"elementor-element elementor-element-d2d4b6b elementor-widget elementor-widget-heading\" data-id=\"d2d4b6b\" data-element_type=\"widget\" data-widget_type=\"heading.default\">\n\t\t\t\t<div class=\"elementor-widget-container\">\n\t\t\t\t\t<h2 class=\"elementor-heading-title elementor-size-default\">NOTICIAS<\/h2>\t\t\t\t<\/div>\n\t\t\t\t<\/div>\n\t\t\t\t<div class=\"elementor-element elementor-element-4edfdbf elementor-widget-divider--view-line elementor-widget elementor-widget-divider\" data-id=\"4edfdbf\" data-element_type=\"widget\" data-widget_type=\"divider.default\">\n\t\t\t\t<div class=\"elementor-widget-container\">\n\t\t\t\t\t\t\t<div class=\"elementor-divider\">\n\t\t\t<span class=\"elementor-divider-separator\">\n\t\t\t\t\t\t<\/span>\n\t\t<\/div>\n\t\t\t\t\t\t<\/div>\n\t\t\t\t<\/div>\n\t\t\t\t<div class=\"elementor-element elementor-element-dcd0bb6 elementor-grid-1 elementor-grid-tablet-1 elementor-grid-mobile-1 elementor-posts--thumbnail-top elementor-widget elementor-widget-posts\" data-id=\"dcd0bb6\" data-element_type=\"widget\" data-settings=\"{&quot;classic_columns&quot;:&quot;1&quot;,&quot;classic_row_gap&quot;:{&quot;unit&quot;:&quot;px&quot;,&quot;size&quot;:24,&quot;sizes&quot;:[]},&quot;classic_columns_tablet&quot;:&quot;1&quot;,&quot;classic_columns_mobile&quot;:&quot;1&quot;,&quot;classic_row_gap_tablet&quot;:{&quot;unit&quot;:&quot;px&quot;,&quot;size&quot;:&quot;&quot;,&quot;sizes&quot;:[]},&quot;classic_row_gap_mobile&quot;:{&quot;unit&quot;:&quot;px&quot;,&quot;size&quot;:&quot;&quot;,&quot;sizes&quot;:[]}}\" data-widget_type=\"posts.classic\">\n\t\t\t\t<div class=\"elementor-widget-container\">\n\t\t\t\t\t\t\t<div class=\"elementor-posts-container elementor-posts elementor-posts--skin-classic elementor-grid\" role=\"list\">\n\t\t\t\t<article class=\"elementor-post elementor-grid-item post-18517 noticies type-noticies status-publish has-post-thumbnail hentry tipus_de_publicacions-lectura-discurso-ac-numerario\" role=\"listitem\">\n\t\t\t\t<a class=\"elementor-post__thumbnail__link\" href=\"https:\/\/rafc.cat\/es\/noticias\/sesion-extraordinaria-de-lectura-del-discurso-del-academico-numerario-dr-xavier-de-diego-navalon\/\" tabindex=\"-1\" >\n\t\t\t<div class=\"elementor-post__thumbnail\"><img fetchpriority=\"high\" decoding=\"async\" width=\"300\" height=\"225\" src=\"https:\/\/rafc.cat\/wp-content\/uploads\/2025\/06\/IMG_20250618_184021-300x225.jpg\" class=\"attachment-medium size-medium wp-image-18518\" alt=\"\" srcset=\"https:\/\/rafc.cat\/wp-content\/uploads\/2025\/06\/IMG_20250618_184021-300x225.jpg 300w, https:\/\/rafc.cat\/wp-content\/uploads\/2025\/06\/IMG_20250618_184021-1024x768.jpg 1024w, https:\/\/rafc.cat\/wp-content\/uploads\/2025\/06\/IMG_20250618_184021-768x576.jpg 768w, https:\/\/rafc.cat\/wp-content\/uploads\/2025\/06\/IMG_20250618_184021-1536x1152.jpg 1536w, https:\/\/rafc.cat\/wp-content\/uploads\/2025\/06\/IMG_20250618_184021-2048x1536.jpg 2048w\" sizes=\"(max-width: 300px) 100vw, 300px\" \/><\/div>\n\t\t<\/a>\n\t\t\t\t<div class=\"elementor-post__text\">\n\t\t\t\t<h3 class=\"elementor-post__title\">\n\t\t\t<a href=\"https:\/\/rafc.cat\/es\/noticias\/sesion-extraordinaria-de-lectura-del-discurso-del-academico-numerario-dr-xavier-de-diego-navalon\/\" >\n\t\t\t\tSesi\u00f3n Extraordinaria de Lectura del Discurso del Acad\u00e9mico Numerario Dr. Xavier de Diego Naval\u00f3n\t\t\t<\/a>\n\t\t<\/h3>\n\t\t\n\t\t<a class=\"elementor-post__read-more\" href=\"https:\/\/rafc.cat\/es\/noticias\/sesion-extraordinaria-de-lectura-del-discurso-del-academico-numerario-dr-xavier-de-diego-navalon\/\" aria-label=\"M\u00e1s informaci\u00f3n sobre Sesi\u00f3n Extraordinaria de Lectura del Discurso del Acad\u00e9mico Numerario Dr. Xavier de Diego Naval\u00f3n\" tabindex=\"-1\" >\n\t\t\tM\u00e1s informaci\u00f3n &gt;\t\t<\/a>\n\n\t\t\t\t<\/div>\n\t\t\t\t<\/article>\n\t\t\t\t<article class=\"elementor-post elementor-grid-item post-18502 noticies type-noticies status-publish has-post-thumbnail hentry tipus_de_publicacions-lectura-discurso-ac-numerario\" role=\"listitem\">\n\t\t\t\t<a class=\"elementor-post__thumbnail__link\" href=\"https:\/\/rafc.cat\/es\/noticias\/sesion-extraordinario-de-lectura-del-discurso-de-la-academica-numeraria-la-excma-sra-dra-pilar-gascon-lecha\/\" tabindex=\"-1\" >\n\t\t\t<div class=\"elementor-post__thumbnail\"><img decoding=\"async\" width=\"300\" height=\"225\" src=\"https:\/\/rafc.cat\/wp-content\/uploads\/2025\/06\/IMG_20250616_185155-300x225.jpg\" class=\"attachment-medium size-medium wp-image-18504\" alt=\"\" srcset=\"https:\/\/rafc.cat\/wp-content\/uploads\/2025\/06\/IMG_20250616_185155-300x225.jpg 300w, https:\/\/rafc.cat\/wp-content\/uploads\/2025\/06\/IMG_20250616_185155-1024x768.jpg 1024w, https:\/\/rafc.cat\/wp-content\/uploads\/2025\/06\/IMG_20250616_185155-768x576.jpg 768w, https:\/\/rafc.cat\/wp-content\/uploads\/2025\/06\/IMG_20250616_185155-1536x1152.jpg 1536w, https:\/\/rafc.cat\/wp-content\/uploads\/2025\/06\/IMG_20250616_185155-2048x1536.jpg 2048w\" sizes=\"(max-width: 300px) 100vw, 300px\" \/><\/div>\n\t\t<\/a>\n\t\t\t\t<div class=\"elementor-post__text\">\n\t\t\t\t<h3 class=\"elementor-post__title\">\n\t\t\t<a href=\"https:\/\/rafc.cat\/es\/noticias\/sesion-extraordinario-de-lectura-del-discurso-de-la-academica-numeraria-la-excma-sra-dra-pilar-gascon-lecha\/\" >\n\t\t\t\tSesi\u00f3n Extraordinario de Lectura del Discurso de la Acad\u00e9mica Numerar\u00eda la Excma. Sra. Dra. Pilar Gasc\u00f3n Lecha\t\t\t<\/a>\n\t\t<\/h3>\n\t\t\n\t\t<a class=\"elementor-post__read-more\" href=\"https:\/\/rafc.cat\/es\/noticias\/sesion-extraordinario-de-lectura-del-discurso-de-la-academica-numeraria-la-excma-sra-dra-pilar-gascon-lecha\/\" aria-label=\"M\u00e1s informaci\u00f3n sobre Sesi\u00f3n Extraordinario de Lectura del Discurso de la Acad\u00e9mica Numerar\u00eda la Excma. Sra. Dra. Pilar Gasc\u00f3n Lecha\" tabindex=\"-1\" >\n\t\t\tM\u00e1s informaci\u00f3n &gt;\t\t<\/a>\n\n\t\t\t\t<\/div>\n\t\t\t\t<\/article>\n\t\t\t\t<article class=\"elementor-post elementor-grid-item post-18491 noticies type-noticies status-publish has-post-thumbnail hentry tipus_de_publicacions-lectura-discurso-ac-correspondiente\" role=\"listitem\">\n\t\t\t\t<a class=\"elementor-post__thumbnail__link\" href=\"https:\/\/rafc.cat\/es\/noticias\/sesion-extraordinaria-de-lectura-del-discurso-del-academico-correspondiendo-el-ilustre-sr-dr-joaquim-suner-carbo\/\" tabindex=\"-1\" >\n\t\t\t<div class=\"elementor-post__thumbnail\"><img decoding=\"async\" width=\"300\" height=\"225\" src=\"https:\/\/rafc.cat\/wp-content\/uploads\/2025\/06\/IMG_20250604_184606-300x225.jpg\" class=\"attachment-medium size-medium wp-image-18496\" alt=\"\" srcset=\"https:\/\/rafc.cat\/wp-content\/uploads\/2025\/06\/IMG_20250604_184606-300x225.jpg 300w, https:\/\/rafc.cat\/wp-content\/uploads\/2025\/06\/IMG_20250604_184606-1024x768.jpg 1024w, https:\/\/rafc.cat\/wp-content\/uploads\/2025\/06\/IMG_20250604_184606-768x576.jpg 768w, https:\/\/rafc.cat\/wp-content\/uploads\/2025\/06\/IMG_20250604_184606-1536x1152.jpg 1536w, https:\/\/rafc.cat\/wp-content\/uploads\/2025\/06\/IMG_20250604_184606-2048x1536.jpg 2048w\" sizes=\"(max-width: 300px) 100vw, 300px\" \/><\/div>\n\t\t<\/a>\n\t\t\t\t<div class=\"elementor-post__text\">\n\t\t\t\t<h3 class=\"elementor-post__title\">\n\t\t\t<a href=\"https:\/\/rafc.cat\/es\/noticias\/sesion-extraordinaria-de-lectura-del-discurso-del-academico-correspondiendo-el-ilustre-sr-dr-joaquim-suner-carbo\/\" >\n\t\t\t\tSesi\u00f3n Extraordinaria de Lectura del Discurso del Acad\u00e9mico correspondiendo el Ilustre Sr. Dr. Joaquim Su\u00f1er Carb\u00f3\t\t\t<\/a>\n\t\t<\/h3>\n\t\t\n\t\t<a class=\"elementor-post__read-more\" href=\"https:\/\/rafc.cat\/es\/noticias\/sesion-extraordinaria-de-lectura-del-discurso-del-academico-correspondiendo-el-ilustre-sr-dr-joaquim-suner-carbo\/\" aria-label=\"M\u00e1s informaci\u00f3n sobre Sesi\u00f3n Extraordinaria de Lectura del Discurso del Acad\u00e9mico correspondiendo el Ilustre Sr. Dr. Joaquim Su\u00f1er Carb\u00f3\" tabindex=\"-1\" >\n\t\t\tM\u00e1s informaci\u00f3n &gt;\t\t<\/a>\n\n\t\t\t\t<\/div>\n\t\t\t\t<\/article>\n\t\t\t\t<\/div>\n\t\t\n\t\t\t\t\t\t<\/div>\n\t\t\t\t<\/div>\n\t\t\t\t<div class=\"elementor-element elementor-element-c58f8c3 elementor-hidden-desktop elementor-hidden-tablet elementor-hidden-phone elementor-widget elementor-widget-heading\" data-id=\"c58f8c3\" data-element_type=\"widget\" data-widget_type=\"heading.default\">\n\t\t\t\t<div class=\"elementor-widget-container\">\n\t\t\t\t\t<h2 class=\"elementor-heading-title elementor-size-default\">\u00daLTIMAS LECTURAS<br>\nDE DISCURSOS INGRESO<\/h2>\t\t\t\t<\/div>\n\t\t\t\t<\/div>\n\t\t\t\t<div class=\"elementor-element elementor-element-4ac16c3 elementor-hidden-desktop elementor-hidden-tablet elementor-hidden-phone elementor-widget-divider--view-line elementor-widget elementor-widget-divider\" data-id=\"4ac16c3\" data-element_type=\"widget\" data-widget_type=\"divider.default\">\n\t\t\t\t<div class=\"elementor-widget-container\">\n\t\t\t\t\t\t\t<div class=\"elementor-divider\">\n\t\t\t<span class=\"elementor-divider-separator\">\n\t\t\t\t\t\t<\/span>\n\t\t<\/div>\n\t\t\t\t\t\t<\/div>\n\t\t\t\t<\/div>\n\t\t\t\t<div class=\"elementor-element elementor-element-c955372 elementor-widget elementor-widget-heading\" data-id=\"c955372\" data-element_type=\"widget\" data-widget_type=\"heading.default\">\n\t\t\t\t<div class=\"elementor-widget-container\">\n\t\t\t\t\t<h2 class=\"elementor-heading-title elementor-size-default\">PR\u00d3XIMOS ACTOS<\/h2>\t\t\t\t<\/div>\n\t\t\t\t<\/div>\n\t\t\t\t<div class=\"elementor-element elementor-element-7695dd5 elementor-widget-divider--view-line elementor-widget elementor-widget-divider\" data-id=\"7695dd5\" data-element_type=\"widget\" data-widget_type=\"divider.default\">\n\t\t\t\t<div class=\"elementor-widget-container\">\n\t\t\t\t\t\t\t<div class=\"elementor-divider\">\n\t\t\t<span class=\"elementor-divider-separator\">\n\t\t\t\t\t\t<\/span>\n\t\t<\/div>\n\t\t\t\t\t\t<\/div>\n\t\t\t\t<\/div>\n\t\t\t\t<div class=\"elementor-element elementor-element-84a78bc elementor-widget elementor-widget-sidebar\" data-id=\"84a78bc\" data-element_type=\"widget\" data-widget_type=\"sidebar.default\">\n\t\t\t\t<div class=\"elementor-widget-container\">\n\t\t\t\t\t<div id=\"mec_mec_widget-3\" class=\"widget widget_mec_mec_widget\"><div class=\"mec-wrap mec-skin-list-container mec-widget  \" id=\"mec_skin_106\">\r\n    \r\n    \r\n        <div class=\"mec-skin-list-events-container\" id=\"mec_skin_events_106\">\r\n        \u00a1No hay eventos!    <\/div>\r\n        \r\n        \r\n<\/div><\/div>\t\t\t\t<\/div>\n\t\t\t\t<\/div>\n\t\t\t\t\t<\/div>\n\t\t<\/div>\n\t\t\t\t\t<\/div>\n\t\t<\/section>\n\t\t\t\t<\/div>\n\t\t","protected":false},"excerpt":{"rendered":"<p>Recomendaciones de la Academia A\u00f1o T\u00edtulo Archivo NOTICIAS \u00daLTIMAS LECTURAS DE DISCURSOS INGRESO PR\u00d3XIMOS ACTOS<\/p>\n","protected":false},"author":1,"featured_media":0,"parent":0,"menu_order":0,"comment_status":"closed","ping_status":"closed","template":"","meta":{"_acf_changed":false,"footnotes":""},"class_list":["post-8010","page","type-page","status-publish","hentry"],"acf":[],"_links":{"self":[{"href":"https:\/\/rafc.cat\/es\/wp-json\/wp\/v2\/pages\/8010","targetHints":{"allow":["GET"]}}],"collection":[{"href":"https:\/\/rafc.cat\/es\/wp-json\/wp\/v2\/pages"}],"about":[{"href":"https:\/\/rafc.cat\/es\/wp-json\/wp\/v2\/types\/page"}],"author":[{"embeddable":true,"href":"https:\/\/rafc.cat\/es\/wp-json\/wp\/v2\/users\/1"}],"replies":[{"embeddable":true,"href":"https:\/\/rafc.cat\/es\/wp-json\/wp\/v2\/comments?post=8010"}],"version-history":[{"count":0,"href":"https:\/\/rafc.cat\/es\/wp-json\/wp\/v2\/pages\/8010\/revisions"}],"wp:attachment":[{"href":"https:\/\/rafc.cat\/es\/wp-json\/wp\/v2\/media?parent=8010"}],"curies":[{"name":"wp","href":"https:\/\/api.w.org\/{rel}","templated":true}]}}