{"id":8367,"date":"2020-12-16T19:15:34","date_gmt":"2020-12-16T19:15:34","guid":{"rendered":"https:\/\/test-web-rafc.connectus.es\/?page_id=8367"},"modified":"2020-12-17T01:31:02","modified_gmt":"2020-12-17T01:31:02","slug":"politica-de-privacidad","status":"publish","type":"page","link":"https:\/\/rafc.cat\/es\/politica-de-privacidad\/","title":{"rendered":"Pol\u00edtica de privacidad"},"content":{"rendered":"\t\t<div data-elementor-type=\"wp-page\" data-elementor-id=\"8367\" class=\"elementor elementor-8367\" data-elementor-post-type=\"page\">\n\t\t\t\t\t\t<section class=\"elementor-section elementor-top-section elementor-element elementor-element-6f7f576 elementor-section-boxed elementor-section-height-default elementor-section-height-default\" data-id=\"6f7f576\" data-element_type=\"section\">\n\t\t\t\t\t\t<div class=\"elementor-container elementor-column-gap-default\">\n\t\t\t\t\t<div class=\"elementor-column elementor-col-100 elementor-top-column elementor-element elementor-element-8bb9a6e\" data-id=\"8bb9a6e\" data-element_type=\"column\">\n\t\t\t<div class=\"elementor-widget-wrap elementor-element-populated\">\n\t\t\t\t\t\t<div class=\"elementor-element elementor-element-5401f22 elementor-widget elementor-widget-heading\" data-id=\"5401f22\" data-element_type=\"widget\" data-widget_type=\"heading.default\">\n\t\t\t\t<div class=\"elementor-widget-container\">\n\t\t\t\t\t<h2 class=\"elementor-heading-title elementor-size-default\">Pol\u00edtica de Privacidad<\/h2>\t\t\t\t<\/div>\n\t\t\t\t<\/div>\n\t\t\t\t<div class=\"elementor-element elementor-element-f3579a2 elementor-widget elementor-widget-text-editor\" data-id=\"f3579a2\" data-element_type=\"widget\" data-widget_type=\"text-editor.default\">\n\t\t\t\t<div class=\"elementor-widget-container\">\n\t\t\t\t\t\t\t\t\t<p><strong>INTRODUCCI\u00d3N<\/strong><\/p><p>Su privacidad es importante para nosotros, as\u00ed que mediante esta politica le explicamos qu\u00e9 datos recopilamos de los usuarios, como los utilizamos y para qu\u00e9, entre otras indicaciones.<\/p><p>Para su informaci\u00f3n, nunca solicitaremos m\u00e1s informaci\u00f3n de la que realmente necesitaremos; nunca la compartiremos con terceros, excepto por obligaci\u00f3n legal o con su autorizaci\u00f3n previa; y nunca utilizaremos sus datos para otra finalidad no indicada previamente.<\/p><p>Como usuarios, deber\u00e1 leer atentamente esta Pol\u00edtica de privacidad de manera regular, y siempre que introduzca sus datos personales, ya que este documento puede sufrir modificaciones pues RAFC puede modificar cualquier tipo de informaci\u00f3n que pudiera aparecer en la web para cumplir con la normativa o actualizar la pol\u00edtica, y sin que exista la obligaci\u00f3n de pre-avisar o poner en conocimiento de los usuarios estas obligaciones, siendo suficientes la publicaci\u00f3n en el sitio web de la RAFC.<\/p><p><strong>RESPONSABLE DEL TRATAMIENTO:<\/strong><\/p><p>Identidad:\u00a0<strong>REAL ACADEMIA DE FARMACIA DE CATALU\u00d1A<\/strong>\u00a0(tambi\u00e9n RAFC)<br \/>NIF: Q0868006H<br \/>Direcci\u00f3n postal: Carrer Hospital, 56, 08001, Barcelona<br \/>Correo electr\u00f3nico: academia@rafc.cat<\/p><p>REAL ACADEMIA DE FARMACIA DE CATALU\u00d1A, como responsable del Sitio web, de conformidad con lo que dispone el Reglamento (UE) 2016\/679 de 27 de abril de 2016 (RGPD) relativo a la protecci\u00f3n de las personas f\u00edsicas en cuanto al tratamiento de datos personales y a la libre circulaci\u00f3n de estos datos y dem\u00e1s normativa vigente en materia de protecci\u00f3n de datos personales, y por la Ley 34\/2002, de 11 de julio, de Servicios de la Sociedad de la Informaci\u00f3n y del Comercio Electr\u00f3nico (LSSICE), le informa de que tiene implementadas las medidas de seguridad necesarias, de \u00edndole t\u00e9cnica y organizativas, para garantizar y proteger la confidencialidad, integridad y disponibilidad de los datos introducidos.<\/p><p><strong>M\u00c9TODO DE OBTENCI\u00d3N DE LOS DATOS y QU\u00c9 DATOS RECABAMOS:<\/strong><\/p><p>Los datos que recogemos y la forma en que los obtenemos es la siguiente:<\/p><ul><li>a trav\u00e9s del formulario de contacto: nombre, mail, tel\u00e9fono<\/li><li>a trav\u00e9s del formulario de suscripci\u00f3n a la newsletter\/avisos: nombre, mail<\/li><\/ul><p>No se tratan categor\u00edas de datos especialmente protegidos.<\/p><p><strong>FINALIDAD DEL TRATAMIENTO:<\/strong><\/p><p>Sus datos personales s\u00f3lo se utilizar\u00e1n para las siguientes finalidades, prestando su consentimiento para cada una de las finalidades en el apartado correspondiente de la web:<\/p><ul><li><strong>formulario de contacto:<\/strong>\u00a0para responder a las consultas y\/o proporcionar informaciones requeridas por el Usuario;<\/li><li><strong>formulario de suscripci\u00f3n a la newsletter:<\/strong>\u00a0para remitirle las comunicaciones informativa v\u00eda mail, comunidades sociales o cualquiera otro medio electr\u00f3nico o f\u00edsico, en caso de que el Usuario lo haya consentido expresamente;<\/li><\/ul><p>Puede revocar en cualquier momento su consentimiento remitiendo un escrito con el asunto \u201cBaja\u201d a academia@rafc.cat.<\/p><p>De acuerdo con la LSSICE,\u00a0<strong>REAL ACADEMIA DE FARMACIA DE CATALU\u00d1A<\/strong>\u00a0no realiza pr\u00e1cticas de SPAM, por lo tanto, no env\u00eda correos electr\u00f3nicos que no hayan sido previamente solicitados o autorizados por el Usuario. En consecuencia, en todas las comunicaciones que recibir\u00e1 de RAFC, el usuario tiene la posibilidad de cancelar su consentimiento expreso para recibir nuestras comunicaciones.<\/p><p>No trataremos sus datos personales para ninguna otra finalidad de las descritas salvo por obligaci\u00f3n legal o requerimiento judicial.<\/p><p>No ser\u00e1 objeto de decisiones basadas en tratamientos automatizados que produzcan efectos sobre sus datos.<\/p><p><strong>LEGITIMACI\u00d3N DEL TRATAMIENTO<\/strong><\/p><p>La base legal para el tratamiento de los datos es su\u00a0<strong>consentimiento<\/strong>\u00a0otorgado en el momento de dar sus datos en el formulario correspondiente para llevar a cabo las finalidades, en el momento de marcado de la casilla de verificaci\u00f3n. El no facilitar los datos personales solicitados o el no aceptar la presente pol\u00edtica de privacidad supone la imposibilidad de conseguir las finalidades anteriormente descritas.<\/p><p><strong>PLAZO DE CONSERVACI\u00d3N DE LOS DATOS:<\/strong><\/p><p>Sus datos se conservar\u00e1n mientras dure la relaci\u00f3n comercial con nosotros o ejercite su derecho de cancelaci\u00f3n u oposici\u00f3n, o limitaci\u00f3n al tratamiento. Asimismo, conservaremos sus datos durante los plazos legalmente previstos en las disposiciones aplicables.<\/p><p><strong>DESTINATARIOS DE CESIONES O TRANSFERENCIAS<\/strong><\/p><p><strong>REAL ACADEMIA DE FARMACIA DE CATALU\u00d1A<\/strong>\u00a0no lleva a cabo ninguna cesi\u00f3n o comunicaci\u00f3n de datos ni dentro ni fuera de la UE. RAFC \u00fanicamente facilitar\u00e1 informaci\u00f3n a las fuerzas y cuerpos de seguridad bajo orden judicial o por obligaci\u00f3n de una norma legal, sin perjuicio de poder bloquear o cancelar su cuenta si puede haber indicios de la comisi\u00f3n de alg\u00fan delito por parte del usuario. La informaci\u00f3n facilitada ser\u00e1 solamente la que disponga en este momento RAFC.<\/p><p><strong>DERECHOS DE LAS PERSONAS INTERESADAS<\/strong><\/p><p>Como usuario-interesado, puede solicitar el ejercicio de los siguientes derechos ante\u00a0<strong>REAL ACADEMIA DE FARMACIA DE CATALU\u00d1A<\/strong>\u00a0presentando un escrito a la direcci\u00f3n postal del encabezamiento o enviando un correo electr\u00f3nico a info@pymelegal.es, indicando como Asunto: \u201cPROTECCION DE DATOS: DERECHOS DE LOS AFECTADOS\u201d, y adjuntando fotocopia de su DNI o cualquier medio an\u00e1logo en derecho, tal y como indica la ley.<\/p><p><strong>Derechos:<\/strong><\/p><ul><li><strong>Derecho de acceso:<\/strong>\u00a0permite al interesado conocer y obtener informaci\u00f3n sobre sus datos de car\u00e1cter personal sometidos a tratamiento.<\/li><li><strong>Derecho de rectificaci\u00f3n o supresi\u00f3n:<\/strong>\u00a0permite corregir errores y modificar los datos que resulten ser inexactos o incompletos.<\/li><li><strong>Derecho de cancelaci\u00f3n:<\/strong>\u00a0permite que se supriman los datos que resulten ser inadecuados o excesivos.<\/li><li><strong>Derecho de oposici\u00f3n:<\/strong>\u00a0derecho del interesado a que no se lleve a cabo el tratamiento de sus datos de car\u00e1cter personal o se cese en el mismo.<\/li><li><strong>Limitaci\u00f3n del tratamiento:<\/strong>\u00a0conlleva el marcado de los datos personales conservados, con la finalidad de limitar su futuro tratamiento, para el ejercicio o la defensa de reclamaciones.<\/li><li><strong>Portabilidad de los datos:<\/strong>\u00a0facilitaci\u00f3n de los datos objeto de tratamiento al interesado, a fin de que \u00e9ste pueda transmitirlos a otro responsable, sin impedimentos.<\/li><li><strong>Derecho a no ser objeto de decisiones individuales automatizadas<\/strong>\u00a0(incluida la elaboraci\u00f3n de perfiles): derecho a no ser objeto de una decisi\u00f3n basada en el tratamiento automatizado que produzca efectos o afecte significativamente.<\/li><\/ul><p>Como usuario, tiene derecho a retirar el consentimiento prestado en cualquier momento. La retirada del consentimiento no afectar\u00e1 a la licitud del tratamiento efectuado antes de la retirada del consentimiento.<\/p><p>Tambi\u00e9n tiene derecho a presentar una reclamaci\u00f3n ante la autoridad de control si considera que pueden haberse visto vulnerados sus derechos con relaci\u00f3n a la protecci\u00f3n de sus datos (aepd.es).<\/p><p><strong>INFORMACI\u00d3N ADICIONAL<\/strong><\/p><p><strong>MEDIDAS DE SEGURIDAD:<\/strong><\/p><p>Los datos que nos facilite se tratar\u00e1n de forma confidencial. RAFC ha adoptado todas las medidas t\u00e9cnicas y organizativas y todos los niveles de protecci\u00f3n necesarios para garantizar la seguridad en el tratamiento de los datos y evitar su alteraci\u00f3n, p\u00e9rdida, robo, tratamiento o acceso no autorizado, de acuerdo el estado de la tecnolog\u00eda y naturaleza de los datos almacenados. As\u00ed mismo, se garantiza tambi\u00e9n que el tratamiento y registro en ficheros, programas, sistemas o equipos, locales y centros cumplen con los requisitos y condiciones de integridad y seguridad establecidas en la normativa vigente.<\/p><p><strong>IDIOMA<\/strong><\/p><p>El idioma aplicable a esta Pol\u00edtica de Privacidad es el catal\u00e1n. Por tanto, en caso de que hubiera alguna contradicci\u00f3n en alguna de las versiones facilitadas en otros idiomas, prevalecer\u00e1 la versi\u00f3n en catal\u00e1n.<\/p><p><strong>REDES SOCIALES<\/strong><\/p><p>Le informamos que\u00a0<strong>REAL ACADEMIA DE FARMACIA DE CATALU\u00d1A<\/strong>\u00a0puede tener presencia en redes sociales. El tratamiento de los datos que se lleve a cabo de las personas que se hagan seguidoras en las redes sociales (y\/o realicen cualquier v\u00ednculo o acci\u00f3n de conexi\u00f3n a trav\u00e9s de las redes sociales) de las p\u00e1ginas oficiales de\u00a0<strong>REAL ACADEMIA DE FARMACIA DE CATALU\u00d1A<\/strong>\u00a0se regir\u00e1 por este apartado, as\u00ed como por aquellas condiciones de uso, pol\u00edticas de privacidad y normativas de acceso que pertenezcan a la red social que proceda en cada caso y aceptadas previamente por el usuario.<\/p><p><strong>REAL ACADEMIA DE FARMACIA DE CATALU\u00d1A<\/strong>\u00a0tratar\u00e1 sus datos con las finalidades de administrar correctamente su presencia en la red social, inform\u00e1ndole de actividades de RAFC, as\u00ed como para cualquier otra finalidad que las normativas de las Redes Sociales permitan.<\/p><p>Queda prohibida la publicaci\u00f3n de contenidos:<\/p><ul><li>Que sean presuntamente il\u00edcitos por la normativa nacional, comunitaria o internacional o que realicen actividades presuntamente il\u00edcitas o contravengan los principios de la buena fe.<\/li><li>Que atenten contra los derechos fundamentales de las personas, falten a la cortes\u00eda en la red, molesten o puedan generar opiniones negativas en nuestros usuarios o terceros y en general cualesquiera sean los contenidos que\u00a0<strong>REAL ACADEMIA DE FARMACIA DE CATALU\u00d1A<\/strong>\u00a0considere inapropiados.<\/li><li>Y en general que contravengan los principios de legalidad, honradez, responsabilidad, protecci\u00f3n de la dignidad humana, protecci\u00f3n de menores, protecci\u00f3n del orden p\u00fablico, la protecci\u00f3n de la vida privada, la protecci\u00f3n del consumidor y los derechos de propiedad intelectual e industrial.<\/li><\/ul><p>Asimismo,\u00a0<strong>REAL ACADEMIA DE FARMACIA DE CATALU\u00d1A<\/strong>\u00a0se reserva la potestad de retirar, sin previo aviso del sitio web o de la red social de la entidad aquellos contenidos que se consideren inapropiados.<\/p><p>En todo caso, si Vd. remite informaci\u00f3n personal a trav\u00e9s de la red social,\u00a0<strong>REAL ACADEMIA DE FARMACIA DE CATALU\u00d1A<\/strong>\u00a0quedar\u00e1 exento de responsabilidad en relaci\u00f3n con las medidas de seguridad aplicables a la presente plataforma, debiendo el usuario en caso de querer conocerlas, consultar las correspondientes condiciones particulares de la red en cuesti\u00f3n.<\/p><p><strong>CAMBIOS EN LA PRESENTE POL\u00cdTICA DE PRIVACIDAD<\/strong><\/p><p><strong>REAL ACADEMIA DE FARMACIA DE CATALU\u00d1A<\/strong>\u00a0se reserva el derecho a modificar la presente pol\u00edtica para adaptarla a novedades legislativas o jurisprudenciales.<\/p><p><strong>REVOCABILIDAD<\/strong><\/p><p>El consentimiento prestado, tanto para el tratamiento como para la cesi\u00f3n de los datos de los interesados, es revocable en cualquier momento comunic\u00e1ndolo a\u00a0<strong>REAL ACADEMIA DE FARMACIA DE CATALU\u00d1A<\/strong>\u00a0en los t\u00e9rminos establecidos en esta Pol\u00edtica para el ejercicio de los derechos. Esta revocaci\u00f3n en ning\u00fan caso tendr\u00e1 car\u00e1cter retroactivo.<\/p><p><strong>LEGISLACI\u00d3N<\/strong><\/p><p>A todos los efectos las relaciones entre\u00a0<strong>REAL ACADEMIA DE FARMACIA DE CATALU\u00d1A<\/strong>\u00a0con los Usuarios, est\u00e1n sometidos a la legislaci\u00f3n y jurisdicci\u00f3n espa\u00f1ola a la que se someten expresamente las partes, siendo competentes por la resoluci\u00f3n de todos los conflictos derivados o relacionados con su uso los Juzgados y Tribunales de Barcelona.<\/p>\t\t\t\t\t\t\t\t<\/div>\n\t\t\t\t<\/div>\n\t\t\t\t\t<\/div>\n\t\t<\/div>\n\t\t\t\t\t<\/div>\n\t\t<\/section>\n\t\t\t\t<\/div>\n\t\t","protected":false},"excerpt":{"rendered":"<p>Pol\u00edtica de Privacidad INTRODUCCI\u00d3N Su privacidad es importante para nosotros, as\u00ed que mediante esta politica le explicamos qu\u00e9 datos recopilamos de los usuarios, como los utilizamos y para qu\u00e9, entre otras indicaciones. Para su informaci\u00f3n, nunca solicitaremos m\u00e1s informaci\u00f3n de la que realmente necesitaremos; nunca la compartiremos con terceros, excepto por obligaci\u00f3n legal o con [&hellip;]<\/p>\n","protected":false},"author":1,"featured_media":0,"parent":0,"menu_order":0,"comment_status":"closed","ping_status":"closed","template":"","meta":{"_acf_changed":false,"footnotes":""},"class_list":["post-8367","page","type-page","status-publish","hentry"],"acf":[],"_links":{"self":[{"href":"https:\/\/rafc.cat\/es\/wp-json\/wp\/v2\/pages\/8367","targetHints":{"allow":["GET"]}}],"collection":[{"href":"https:\/\/rafc.cat\/es\/wp-json\/wp\/v2\/pages"}],"about":[{"href":"https:\/\/rafc.cat\/es\/wp-json\/wp\/v2\/types\/page"}],"author":[{"embeddable":true,"href":"https:\/\/rafc.cat\/es\/wp-json\/wp\/v2\/users\/1"}],"replies":[{"embeddable":true,"href":"https:\/\/rafc.cat\/es\/wp-json\/wp\/v2\/comments?post=8367"}],"version-history":[{"count":0,"href":"https:\/\/rafc.cat\/es\/wp-json\/wp\/v2\/pages\/8367\/revisions"}],"wp:attachment":[{"href":"https:\/\/rafc.cat\/es\/wp-json\/wp\/v2\/media?parent=8367"}],"curies":[{"name":"wp","href":"https:\/\/api.w.org\/{rel}","templated":true}]}}