{"id":8628,"date":"2020-12-15T16:11:28","date_gmt":"2020-12-15T16:11:28","guid":{"rendered":"https:\/\/test-web-rafc.connectus.es\/agenda-actes-rafc"},"modified":"2021-04-07T13:17:01","modified_gmt":"2021-04-07T13:17:01","slug":"agenda-actes-rafc","status":"publish","type":"page","link":"https:\/\/rafc.cat\/es\/agenda-actes-rafc\/","title":{"rendered":"Agenda Calendario Actos RAFC"},"content":{"rendered":"\t\t<div data-elementor-type=\"wp-page\" data-elementor-id=\"8628\" class=\"elementor elementor-8628 elementor-8108\" data-elementor-post-type=\"page\">\n\t\t\t\t\t\t<section class=\"elementor-section elementor-top-section elementor-element elementor-element-05fb7fc elementor-section-full_width elementor-section-height-default elementor-section-height-default\" data-id=\"05fb7fc\" data-element_type=\"section\" data-settings=\"{&quot;background_background&quot;:&quot;classic&quot;}\">\n\t\t\t\t\t\t\t<div class=\"elementor-background-overlay\"><\/div>\n\t\t\t\t\t\t\t<div class=\"elementor-container elementor-column-gap-no\">\n\t\t\t\t\t<div class=\"elementor-column elementor-col-50 elementor-top-column elementor-element elementor-element-9220393\" data-id=\"9220393\" data-element_type=\"column\">\n\t\t\t<div class=\"elementor-widget-wrap elementor-element-populated\">\n\t\t\t\t\t\t<div class=\"elementor-element elementor-element-4bac53b elementor-widget elementor-widget-spacer\" data-id=\"4bac53b\" data-element_type=\"widget\" data-widget_type=\"spacer.default\">\n\t\t\t\t<div class=\"elementor-widget-container\">\n\t\t\t\t\t\t\t<div class=\"elementor-spacer\">\n\t\t\t<div class=\"elementor-spacer-inner\"><\/div>\n\t\t<\/div>\n\t\t\t\t\t\t<\/div>\n\t\t\t\t<\/div>\n\t\t\t\t<div class=\"elementor-element elementor-element-70e8635 elementor-widget elementor-widget-heading\" data-id=\"70e8635\" data-element_type=\"widget\" data-widget_type=\"heading.default\">\n\t\t\t\t<div class=\"elementor-widget-container\">\n\t\t\t\t\t<h2 class=\"elementor-heading-title elementor-size-default\">\n<br>\nAgenda Actos<\/h2>\t\t\t\t<\/div>\n\t\t\t\t<\/div>\n\t\t\t\t<div class=\"elementor-element elementor-element-e0b38fb elementor-hidden-desktop elementor-widget-divider--view-line elementor-widget elementor-widget-divider\" data-id=\"e0b38fb\" data-element_type=\"widget\" data-widget_type=\"divider.default\">\n\t\t\t\t<div class=\"elementor-widget-container\">\n\t\t\t\t\t\t\t<div class=\"elementor-divider\">\n\t\t\t<span class=\"elementor-divider-separator\">\n\t\t\t\t\t\t<\/span>\n\t\t<\/div>\n\t\t\t\t\t\t<\/div>\n\t\t\t\t<\/div>\n\t\t\t\t\t<\/div>\n\t\t<\/div>\n\t\t\t\t<div class=\"elementor-column elementor-col-50 elementor-top-column elementor-element elementor-element-fb80eed elementor-hidden-phone\" data-id=\"fb80eed\" data-element_type=\"column\">\n\t\t\t<div class=\"elementor-widget-wrap elementor-element-populated\">\n\t\t\t\t\t\t<div class=\"elementor-element elementor-element-167be81 elementor-widget elementor-widget-spacer\" data-id=\"167be81\" data-element_type=\"widget\" data-widget_type=\"spacer.default\">\n\t\t\t\t<div class=\"elementor-widget-container\">\n\t\t\t\t\t\t\t<div class=\"elementor-spacer\">\n\t\t\t<div class=\"elementor-spacer-inner\"><\/div>\n\t\t<\/div>\n\t\t\t\t\t\t<\/div>\n\t\t\t\t<\/div>\n\t\t\t\t\t<\/div>\n\t\t<\/div>\n\t\t\t\t\t<\/div>\n\t\t<\/section>\n\t\t\t\t<section class=\"elementor-section elementor-top-section elementor-element elementor-element-a6c4c6f elementor-section-stretched elementor-section-full_width elementor-section-height-default elementor-section-height-default\" data-id=\"a6c4c6f\" data-element_type=\"section\" data-settings=\"{&quot;stretch_section&quot;:&quot;section-stretched&quot;,&quot;background_background&quot;:&quot;classic&quot;}\">\n\t\t\t\t\t\t\t<div class=\"elementor-background-overlay\"><\/div>\n\t\t\t\t\t\t\t<div class=\"elementor-container elementor-column-gap-default\">\n\t\t\t\t\t<div class=\"elementor-column elementor-col-100 elementor-top-column elementor-element elementor-element-68135bc5\" data-id=\"68135bc5\" data-element_type=\"column\">\n\t\t\t<div class=\"elementor-widget-wrap elementor-element-populated\">\n\t\t\t\t\t\t<div class=\"elementor-element elementor-element-29748118 elementor-mobile-align-left elementor-tablet-align-left elementor-widget elementor-widget-breadcrumbs\" data-id=\"29748118\" data-element_type=\"widget\" data-settings=\"{&quot;sticky&quot;:&quot;top&quot;,&quot;sticky_on&quot;:[&quot;desktop&quot;,&quot;tablet&quot;,&quot;mobile&quot;],&quot;sticky_offset&quot;:0,&quot;sticky_effects_offset&quot;:0,&quot;sticky_anchor_link_offset&quot;:0}\" data-widget_type=\"breadcrumbs.default\">\n\t\t\t\t<div class=\"elementor-widget-container\">\n\t\t\t\t\t<p id=\"breadcrumbs\"><span><span><a href=\"https:\/\/rafc.cat\/es\/\">Inicio<\/a><\/span><\/span><\/p>\t\t\t\t<\/div>\n\t\t\t\t<\/div>\n\t\t\t\t\t<\/div>\n\t\t<\/div>\n\t\t\t\t\t<\/div>\n\t\t<\/section>\n\t\t\t\t<section class=\"elementor-section elementor-top-section elementor-element elementor-element-ab85ce8 elementor-section-full_width elementor-section-height-default elementor-section-height-default\" data-id=\"ab85ce8\" data-element_type=\"section\">\n\t\t\t\t\t\t<div class=\"elementor-container elementor-column-gap-default\">\n\t\t\t\t\t<div class=\"elementor-column elementor-col-50 elementor-top-column elementor-element elementor-element-30fcab1\" data-id=\"30fcab1\" data-element_type=\"column\">\n\t\t\t<div class=\"elementor-widget-wrap elementor-element-populated\">\n\t\t\t\t\t\t<div class=\"elementor-element elementor-element-6ce4fab elementor-widget elementor-widget-shortcode\" data-id=\"6ce4fab\" data-element_type=\"widget\" data-widget_type=\"shortcode.default\">\n\t\t\t\t<div class=\"elementor-widget-container\">\n\t\t\t\t\t\t\t<div class=\"elementor-shortcode\"><div class=\"mec-wrap mec-skin-list-container  \" id=\"mec_skin_53\">\r\n    \r\n    \r\n        <div class=\"mec-skin-list-events-container\" id=\"mec_skin_events_53\">\r\n        \u00a1No hay eventos!    <\/div>\r\n        \r\n        \r\n<\/div><\/div>\n\t\t\t\t\t\t<\/div>\n\t\t\t\t<\/div>\n\t\t\t\t\t<\/div>\n\t\t<\/div>\n\t\t\t\t<div class=\"elementor-column elementor-col-50 elementor-top-column elementor-element elementor-element-fc16184\" data-id=\"fc16184\" data-element_type=\"column\" data-settings=\"{&quot;background_background&quot;:&quot;classic&quot;}\">\n\t\t\t<div class=\"elementor-widget-wrap elementor-element-populated\">\n\t\t\t\t\t\t<div class=\"elementor-element elementor-element-8b59816 elementor-widget elementor-widget-heading\" data-id=\"8b59816\" data-element_type=\"widget\" data-widget_type=\"heading.default\">\n\t\t\t\t<div class=\"elementor-widget-container\">\n\t\t\t\t\t<h2 class=\"elementor-heading-title elementor-size-default\">NOTICIAS<\/h2>\t\t\t\t<\/div>\n\t\t\t\t<\/div>\n\t\t\t\t<div class=\"elementor-element elementor-element-34af728 elementor-widget-divider--view-line elementor-widget elementor-widget-divider\" data-id=\"34af728\" data-element_type=\"widget\" data-widget_type=\"divider.default\">\n\t\t\t\t<div class=\"elementor-widget-container\">\n\t\t\t\t\t\t\t<div class=\"elementor-divider\">\n\t\t\t<span class=\"elementor-divider-separator\">\n\t\t\t\t\t\t<\/span>\n\t\t<\/div>\n\t\t\t\t\t\t<\/div>\n\t\t\t\t<\/div>\n\t\t\t\t<div class=\"elementor-element elementor-element-8a23746 elementor-grid-1 elementor-grid-tablet-1 elementor-grid-mobile-1 elementor-posts--thumbnail-top elementor-widget elementor-widget-posts\" data-id=\"8a23746\" data-element_type=\"widget\" data-settings=\"{&quot;classic_columns&quot;:&quot;1&quot;,&quot;classic_row_gap&quot;:{&quot;unit&quot;:&quot;px&quot;,&quot;size&quot;:24,&quot;sizes&quot;:[]},&quot;classic_columns_tablet&quot;:&quot;1&quot;,&quot;classic_columns_mobile&quot;:&quot;1&quot;,&quot;classic_row_gap_tablet&quot;:{&quot;unit&quot;:&quot;px&quot;,&quot;size&quot;:&quot;&quot;,&quot;sizes&quot;:[]},&quot;classic_row_gap_mobile&quot;:{&quot;unit&quot;:&quot;px&quot;,&quot;size&quot;:&quot;&quot;,&quot;sizes&quot;:[]}}\" data-widget_type=\"posts.classic\">\n\t\t\t\t<div class=\"elementor-widget-container\">\n\t\t\t\t\t\t\t<div class=\"elementor-posts-container elementor-posts elementor-posts--skin-classic elementor-grid\" role=\"list\">\n\t\t\t\t<article class=\"elementor-post elementor-grid-item post-18517 noticies type-noticies status-publish has-post-thumbnail hentry tipus_de_publicacions-lectura-discurso-ac-numerario\" role=\"listitem\">\n\t\t\t\t<a class=\"elementor-post__thumbnail__link\" href=\"https:\/\/rafc.cat\/es\/noticias\/sesion-extraordinaria-de-lectura-del-discurso-del-academico-numerario-dr-xavier-de-diego-navalon\/\" tabindex=\"-1\" >\n\t\t\t<div class=\"elementor-post__thumbnail\"><img fetchpriority=\"high\" decoding=\"async\" width=\"300\" height=\"225\" src=\"https:\/\/rafc.cat\/wp-content\/uploads\/2025\/06\/IMG_20250618_184021-300x225.jpg\" class=\"attachment-medium size-medium wp-image-18518\" alt=\"\" srcset=\"https:\/\/rafc.cat\/wp-content\/uploads\/2025\/06\/IMG_20250618_184021-300x225.jpg 300w, https:\/\/rafc.cat\/wp-content\/uploads\/2025\/06\/IMG_20250618_184021-1024x768.jpg 1024w, https:\/\/rafc.cat\/wp-content\/uploads\/2025\/06\/IMG_20250618_184021-768x576.jpg 768w, https:\/\/rafc.cat\/wp-content\/uploads\/2025\/06\/IMG_20250618_184021-1536x1152.jpg 1536w, https:\/\/rafc.cat\/wp-content\/uploads\/2025\/06\/IMG_20250618_184021-2048x1536.jpg 2048w\" sizes=\"(max-width: 300px) 100vw, 300px\" \/><\/div>\n\t\t<\/a>\n\t\t\t\t<div class=\"elementor-post__text\">\n\t\t\t\t<h3 class=\"elementor-post__title\">\n\t\t\t<a href=\"https:\/\/rafc.cat\/es\/noticias\/sesion-extraordinaria-de-lectura-del-discurso-del-academico-numerario-dr-xavier-de-diego-navalon\/\" >\n\t\t\t\tSesi\u00f3n Extraordinaria de Lectura del Discurso del Acad\u00e9mico Numerario Dr. Xavier de Diego Naval\u00f3n\t\t\t<\/a>\n\t\t<\/h3>\n\t\t\n\t\t<a class=\"elementor-post__read-more\" href=\"https:\/\/rafc.cat\/es\/noticias\/sesion-extraordinaria-de-lectura-del-discurso-del-academico-numerario-dr-xavier-de-diego-navalon\/\" aria-label=\"M\u00e1s informaci\u00f3n sobre Sesi\u00f3n Extraordinaria de Lectura del Discurso del Acad\u00e9mico Numerario Dr. Xavier de Diego Naval\u00f3n\" tabindex=\"-1\" >\n\t\t\tM\u00e1s informaci\u00f3n &gt;\t\t<\/a>\n\n\t\t\t\t<\/div>\n\t\t\t\t<\/article>\n\t\t\t\t<article class=\"elementor-post elementor-grid-item post-18502 noticies type-noticies status-publish has-post-thumbnail hentry tipus_de_publicacions-lectura-discurso-ac-numerario\" role=\"listitem\">\n\t\t\t\t<a class=\"elementor-post__thumbnail__link\" href=\"https:\/\/rafc.cat\/es\/noticias\/sesion-extraordinario-de-lectura-del-discurso-de-la-academica-numeraria-la-excma-sra-dra-pilar-gascon-lecha\/\" tabindex=\"-1\" >\n\t\t\t<div class=\"elementor-post__thumbnail\"><img decoding=\"async\" width=\"300\" height=\"225\" src=\"https:\/\/rafc.cat\/wp-content\/uploads\/2025\/06\/IMG_20250616_185155-300x225.jpg\" class=\"attachment-medium size-medium wp-image-18504\" alt=\"\" srcset=\"https:\/\/rafc.cat\/wp-content\/uploads\/2025\/06\/IMG_20250616_185155-300x225.jpg 300w, https:\/\/rafc.cat\/wp-content\/uploads\/2025\/06\/IMG_20250616_185155-1024x768.jpg 1024w, https:\/\/rafc.cat\/wp-content\/uploads\/2025\/06\/IMG_20250616_185155-768x576.jpg 768w, https:\/\/rafc.cat\/wp-content\/uploads\/2025\/06\/IMG_20250616_185155-1536x1152.jpg 1536w, https:\/\/rafc.cat\/wp-content\/uploads\/2025\/06\/IMG_20250616_185155-2048x1536.jpg 2048w\" sizes=\"(max-width: 300px) 100vw, 300px\" \/><\/div>\n\t\t<\/a>\n\t\t\t\t<div class=\"elementor-post__text\">\n\t\t\t\t<h3 class=\"elementor-post__title\">\n\t\t\t<a href=\"https:\/\/rafc.cat\/es\/noticias\/sesion-extraordinario-de-lectura-del-discurso-de-la-academica-numeraria-la-excma-sra-dra-pilar-gascon-lecha\/\" >\n\t\t\t\tSesi\u00f3n Extraordinario de Lectura del Discurso de la Acad\u00e9mica Numerar\u00eda la Excma. Sra. Dra. Pilar Gasc\u00f3n Lecha\t\t\t<\/a>\n\t\t<\/h3>\n\t\t\n\t\t<a class=\"elementor-post__read-more\" href=\"https:\/\/rafc.cat\/es\/noticias\/sesion-extraordinario-de-lectura-del-discurso-de-la-academica-numeraria-la-excma-sra-dra-pilar-gascon-lecha\/\" aria-label=\"M\u00e1s informaci\u00f3n sobre Sesi\u00f3n Extraordinario de Lectura del Discurso de la Acad\u00e9mica Numerar\u00eda la Excma. Sra. Dra. Pilar Gasc\u00f3n Lecha\" tabindex=\"-1\" >\n\t\t\tM\u00e1s informaci\u00f3n &gt;\t\t<\/a>\n\n\t\t\t\t<\/div>\n\t\t\t\t<\/article>\n\t\t\t\t<article class=\"elementor-post elementor-grid-item post-18491 noticies type-noticies status-publish has-post-thumbnail hentry tipus_de_publicacions-lectura-discurso-ac-correspondiente\" role=\"listitem\">\n\t\t\t\t<a class=\"elementor-post__thumbnail__link\" href=\"https:\/\/rafc.cat\/es\/noticias\/sesion-extraordinaria-de-lectura-del-discurso-del-academico-correspondiendo-el-ilustre-sr-dr-joaquim-suner-carbo\/\" tabindex=\"-1\" >\n\t\t\t<div class=\"elementor-post__thumbnail\"><img decoding=\"async\" width=\"300\" height=\"225\" src=\"https:\/\/rafc.cat\/wp-content\/uploads\/2025\/06\/IMG_20250604_184606-300x225.jpg\" class=\"attachment-medium size-medium wp-image-18496\" alt=\"\" srcset=\"https:\/\/rafc.cat\/wp-content\/uploads\/2025\/06\/IMG_20250604_184606-300x225.jpg 300w, https:\/\/rafc.cat\/wp-content\/uploads\/2025\/06\/IMG_20250604_184606-1024x768.jpg 1024w, https:\/\/rafc.cat\/wp-content\/uploads\/2025\/06\/IMG_20250604_184606-768x576.jpg 768w, https:\/\/rafc.cat\/wp-content\/uploads\/2025\/06\/IMG_20250604_184606-1536x1152.jpg 1536w, https:\/\/rafc.cat\/wp-content\/uploads\/2025\/06\/IMG_20250604_184606-2048x1536.jpg 2048w\" sizes=\"(max-width: 300px) 100vw, 300px\" \/><\/div>\n\t\t<\/a>\n\t\t\t\t<div class=\"elementor-post__text\">\n\t\t\t\t<h3 class=\"elementor-post__title\">\n\t\t\t<a href=\"https:\/\/rafc.cat\/es\/noticias\/sesion-extraordinaria-de-lectura-del-discurso-del-academico-correspondiendo-el-ilustre-sr-dr-joaquim-suner-carbo\/\" >\n\t\t\t\tSesi\u00f3n Extraordinaria de Lectura del Discurso del Acad\u00e9mico correspondiendo el Ilustre Sr. Dr. Joaquim Su\u00f1er Carb\u00f3\t\t\t<\/a>\n\t\t<\/h3>\n\t\t\n\t\t<a class=\"elementor-post__read-more\" href=\"https:\/\/rafc.cat\/es\/noticias\/sesion-extraordinaria-de-lectura-del-discurso-del-academico-correspondiendo-el-ilustre-sr-dr-joaquim-suner-carbo\/\" aria-label=\"M\u00e1s informaci\u00f3n sobre Sesi\u00f3n Extraordinaria de Lectura del Discurso del Acad\u00e9mico correspondiendo el Ilustre Sr. Dr. Joaquim Su\u00f1er Carb\u00f3\" tabindex=\"-1\" >\n\t\t\tM\u00e1s informaci\u00f3n &gt;\t\t<\/a>\n\n\t\t\t\t<\/div>\n\t\t\t\t<\/article>\n\t\t\t\t<\/div>\n\t\t\n\t\t\t\t\t\t<\/div>\n\t\t\t\t<\/div>\n\t\t\t\t\t<\/div>\n\t\t<\/div>\n\t\t\t\t\t<\/div>\n\t\t<\/section>\n\t\t\t\t<\/div>\n\t\t","protected":false},"excerpt":{"rendered":"<p>Agenda Actos NOTICIAS<\/p>\n","protected":false},"author":1,"featured_media":0,"parent":0,"menu_order":0,"comment_status":"closed","ping_status":"closed","template":"","meta":{"_acf_changed":false,"footnotes":""},"class_list":["post-8628","page","type-page","status-publish","hentry"],"acf":[],"_links":{"self":[{"href":"https:\/\/rafc.cat\/es\/wp-json\/wp\/v2\/pages\/8628","targetHints":{"allow":["GET"]}}],"collection":[{"href":"https:\/\/rafc.cat\/es\/wp-json\/wp\/v2\/pages"}],"about":[{"href":"https:\/\/rafc.cat\/es\/wp-json\/wp\/v2\/types\/page"}],"author":[{"embeddable":true,"href":"https:\/\/rafc.cat\/es\/wp-json\/wp\/v2\/users\/1"}],"replies":[{"embeddable":true,"href":"https:\/\/rafc.cat\/es\/wp-json\/wp\/v2\/comments?post=8628"}],"version-history":[{"count":3,"href":"https:\/\/rafc.cat\/es\/wp-json\/wp\/v2\/pages\/8628\/revisions"}],"predecessor-version":[{"id":10876,"href":"https:\/\/rafc.cat\/es\/wp-json\/wp\/v2\/pages\/8628\/revisions\/10876"}],"wp:attachment":[{"href":"https:\/\/rafc.cat\/es\/wp-json\/wp\/v2\/media?parent=8628"}],"curies":[{"name":"wp","href":"https:\/\/api.w.org\/{rel}","templated":true}]}}