{"id":9082,"date":"2020-07-29T15:30:48","date_gmt":"2020-07-29T15:30:48","guid":{"rendered":"https:\/\/test-web-rafc.connectus.es\/academics"},"modified":"2021-05-17T12:20:46","modified_gmt":"2021-05-17T12:20:46","slug":"academicos-numerarios-2","status":"publish","type":"page","link":"https:\/\/rafc.cat\/es\/academicos-numerarios-2\/","title":{"rendered":"Acad\u00e9micos numerarios"},"content":{"rendered":"\t\t<div data-elementor-type=\"wp-page\" data-elementor-id=\"9082\" class=\"elementor elementor-9082 elementor-93\" data-elementor-post-type=\"page\">\n\t\t\t\t\t\t<section class=\"elementor-section elementor-top-section elementor-element elementor-element-4819af39 elementor-section-stretched elementor-section-full_width elementor-section-height-default elementor-section-height-default\" data-id=\"4819af39\" data-element_type=\"section\" data-settings=\"{&quot;stretch_section&quot;:&quot;section-stretched&quot;,&quot;background_background&quot;:&quot;classic&quot;}\">\n\t\t\t\t\t\t\t<div class=\"elementor-background-overlay\"><\/div>\n\t\t\t\t\t\t\t<div class=\"elementor-container elementor-column-gap-default\">\n\t\t\t\t\t<div class=\"elementor-column elementor-col-100 elementor-top-column elementor-element elementor-element-5808ec5d\" data-id=\"5808ec5d\" data-element_type=\"column\">\n\t\t\t<div class=\"elementor-widget-wrap elementor-element-populated\">\n\t\t\t\t\t\t<div class=\"elementor-element elementor-element-3b81eac6 elementor-mobile-align-left elementor-tablet-align-left elementor-widget elementor-widget-breadcrumbs\" data-id=\"3b81eac6\" data-element_type=\"widget\" data-settings=\"{&quot;sticky&quot;:&quot;top&quot;,&quot;sticky_on&quot;:[&quot;desktop&quot;,&quot;tablet&quot;,&quot;mobile&quot;],&quot;sticky_offset&quot;:0,&quot;sticky_effects_offset&quot;:0,&quot;sticky_anchor_link_offset&quot;:0}\" data-widget_type=\"breadcrumbs.default\">\n\t\t\t\t<div class=\"elementor-widget-container\">\n\t\t\t\t\t<p id=\"breadcrumbs\"><span><span><a href=\"https:\/\/rafc.cat\/es\/\">Inicio<\/a><\/span><\/span><\/p>\t\t\t\t<\/div>\n\t\t\t\t<\/div>\n\t\t\t\t\t<\/div>\n\t\t<\/div>\n\t\t\t\t\t<\/div>\n\t\t<\/section>\n\t\t\t\t<section class=\"elementor-section elementor-top-section elementor-element elementor-element-33a9120d elementor-section-boxed elementor-section-height-default elementor-section-height-default\" data-id=\"33a9120d\" data-element_type=\"section\" data-settings=\"{&quot;background_background&quot;:&quot;classic&quot;}\">\n\t\t\t\t\t\t<div class=\"elementor-container elementor-column-gap-default\">\n\t\t\t\t\t<div class=\"elementor-column elementor-col-100 elementor-top-column elementor-element elementor-element-bc0298b\" data-id=\"bc0298b\" data-element_type=\"column\">\n\t\t\t<div class=\"elementor-widget-wrap elementor-element-populated\">\n\t\t\t\t\t\t<div class=\"elementor-element elementor-element-41e51f01 elementor-widget elementor-widget-spacer\" data-id=\"41e51f01\" data-element_type=\"widget\" data-widget_type=\"spacer.default\">\n\t\t\t\t<div class=\"elementor-widget-container\">\n\t\t\t\t\t\t\t<div class=\"elementor-spacer\">\n\t\t\t<div class=\"elementor-spacer-inner\"><\/div>\n\t\t<\/div>\n\t\t\t\t\t\t<\/div>\n\t\t\t\t<\/div>\n\t\t\t\t<div class=\"elementor-element elementor-element-40abb310 elementor-widget elementor-widget-heading\" data-id=\"40abb310\" data-element_type=\"widget\" data-widget_type=\"heading.default\">\n\t\t\t\t<div class=\"elementor-widget-container\">\n\t\t\t\t\t<h2 class=\"elementor-heading-title elementor-size-default\"><br>\nAcad\u00e9micos Numerarios\n<\/h2>\t\t\t\t<\/div>\n\t\t\t\t<\/div>\n\t\t\t\t\t<\/div>\n\t\t<\/div>\n\t\t\t\t\t<\/div>\n\t\t<\/section>\n\t\t\t\t<section class=\"elementor-section elementor-top-section elementor-element elementor-element-55feb7ed elementor-section-stretched elementor-section-full_width elementor-section-height-default elementor-section-height-default\" data-id=\"55feb7ed\" data-element_type=\"section\" data-settings=\"{&quot;stretch_section&quot;:&quot;section-stretched&quot;,&quot;background_background&quot;:&quot;classic&quot;}\">\n\t\t\t\t\t\t\t<div class=\"elementor-background-overlay\"><\/div>\n\t\t\t\t\t\t\t<div class=\"elementor-container elementor-column-gap-default\">\n\t\t\t\t\t<div class=\"elementor-column elementor-col-50 elementor-top-column elementor-element elementor-element-1295e925\" data-id=\"1295e925\" data-element_type=\"column\">\n\t\t\t<div class=\"elementor-widget-wrap elementor-element-populated\">\n\t\t\t\t\t\t<div class=\"elementor-element elementor-element-2ddda02b elementor-widget-divider--view-line elementor-widget elementor-widget-divider\" data-id=\"2ddda02b\" data-element_type=\"widget\" data-widget_type=\"divider.default\">\n\t\t\t\t<div class=\"elementor-widget-container\">\n\t\t\t\t\t\t\t<div class=\"elementor-divider\">\n\t\t\t<span class=\"elementor-divider-separator\">\n\t\t\t\t\t\t<\/span>\n\t\t<\/div>\n\t\t\t\t\t\t<\/div>\n\t\t\t\t<\/div>\n\t\t\t\t<div class=\"elementor-element elementor-element-af8c158 elementor-widget elementor-widget-text-editor\" data-id=\"af8c158\" data-element_type=\"widget\" data-widget_type=\"text-editor.default\">\n\t\t\t\t<div class=\"elementor-widget-container\">\n\t\t\t\t\t\t\t\t\t<p>Excm. Sr. Dr.\u00a0\u00a0 \u00a0ADZET PORREDON, TOM\u00c0S<\/p><p>Excm. Sr. Dr.\u00a0\u00a0 ALBORS YOLDI, EDUARDO<\/p><p>Excm. Sr. Dr.\u00a0\u00a0 AMARG\u00d3S ANORO, JOSEP<\/p><p>Excm. Sr. Dr.\u00a0\u00a0 AMAT BARGU\u00c9S, MIGUEL<\/p><p>Excm. Sr. Dr.\u00a0\u00a0 BENAVENT CAMPS, GUILLERMO DE<\/p><p>Excm. Sr. Dr.\u00a0\u00a0 BOL\u00d3S VAYREDA, ANTONIO DE<\/p><p>Excm. Sr. Dr.\u00a0\u00a0 BULT\u00d3 BLAJOT, ISIDRE<\/p><p>Excm. Sr. Dr.\u00a0\u00a0 CALVET PRATS, FERNANDO<\/p><p>Excm. Sr. Dr.\u00a0\u00a0 CARD\u00daS AGUILAR, JOSEP<\/p><p>Excm. Sr. Dr.\u00a0\u00a0 CARTA\u00d1\u00c0 CASTELLA, PABLO<\/p><p>Excm. Sr. Dr.\u00a0\u00a0 CASANOVAS PUIG, FRANCISCO<\/p><p>Excm. Sr. Dr.\u00a0\u00a0 CEMELI PONS, JOSEP<\/p><p>Excm. Sr. Dr.\u00a0\u00a0 CULLELL REIG, RAMON<\/p><p>Excm. Sr. Dr.\u00a0\u00a0 CUS\u00cd FURTUNET, JOAQU\u00cdN<\/p><p>Excm. Sr. Dr.\u00a0\u00a0 DONADA BOSCH, FRANCESC<\/p><p>Excm. Sr. Dr.\u00a0\u00a0 ESTEVE SOLER, JOSEP<\/p><p>Excm. Sr. Dr.\u00a0\u00a0 ESTEVE SUBIRANA, ANTONIO<\/p><p>Excm. Sr. Dr.\u00a0\u00a0 FAUL\u00cd TRILLO, CLAUDI<\/p><p>Excm. Sr. Dr.\u00a0\u00a0 FRAILE OVEJERO, ARSENIO<\/p><p>Excm. Sr. Dr.\u00a0\u00a0 G\u00c1LLEGO BERENGUER, JAUME<\/p><p>Excm. Sr. Dr.\u00a0\u00a0 GARC\u00cdA-VALDECASAS SANTAMARIA, FRANCISCO<\/p><p>Excm. Sr. Dr.\u00a0\u00a0 GAST\u00d3N DE IRIARTE SANCH\u00cdZ, ELISEO<\/p><p>Excm. Sr. Dr.\u00a0\u00a0 G\u00d3MEZ CAAMA\u00d1O, JOS\u00c9 LU\u00cdS<\/p><p>Excm. Sr. Dr.\u00a0\u00a0 GUINEA S\u00c1NCHEZ, JES\u00daS<\/p><p>Excm. Sr. Dr.\u00a0\u00a0 HERN\u00c1NDEZ GUTI\u00c9RREZ, FRANCISCO<\/p><p>Excm. Sr. Dr.\u00a0\u00a0 IRANZO RUBIO, VICENTE<\/p><p>Excm. Sr. Dr.\u00a0\u00a0 JORDI GONZ\u00c0LEZ, RAMON,<\/p><p>Excm. Sr. Dr.\u00a0\u00a0 LOSA ESPA\u00d1A, TAURINO MARIANO<\/p><p>Excm. Sr. Dr.\u00a0\u00a0 MIRAVITLLES MILL\u00c9, LUIS<\/p><p>Excm. Sr. Dr.\u00a0\u00a0 MOSQUEIRA TORIBIO, ARTURO<\/p><p>Excm. Sr. Dr.\u00a0\u00a0 OLIVER SU\u00d1\u00c9, BENET<\/p><p>Excm. Sr. Dr.\u00a0\u00a0 OLIVER-ROD\u00c9S CLAP\u00c9S, BENET<\/p><p>Excm. Sr. Dr.\u00a0\u00a0 PAG\u00c9S MARUNY, SANTIAGO<\/p><p>Excm. Sr. Dr.\u00a0\u00a0 PAR\u00c8S FARR\u00c0S, RAMON<\/p><p>Excm. Sr. Dr.\u00a0\u00a0 PLA DALMAU, JOS\u00c9 MARIA<\/p><p>Excm. Sr. Dr.\u00a0\u00a0 POZO OJEDA, ALFONSO DEL<\/p><p>Excm. Sr. Dr.\u00a0\u00a0 PUCHAL MAS, FRANCESC<\/p><p>Excm. Sr. Dr.\u00a0\u00a0 PUIG MUSET, PEDRO<\/p><p>Excm. Sr. Dr.\u00a0\u00a0 PUMAROLA BUSQUETS, F\u00c8LIX<\/p><p>Excm. Sr. Dr.\u00a0\u00a0 RU\u00cdZ-JIM\u00c9NEZ CORTES, JOAQUIN<\/p><p>Excm. Sr. Dr.\u00a0\u00a0 SALAVERT ARGELAGUET, PERE<\/p><p>Excm. Sr. Dr.\u00a0\u00a0 SALORD BARCEL\u00d3, RAFAEL<\/p><p>Excm. Sr. Dr.\u00a0\u00a0 SALV\u00c0 LACOMBE, PAU<\/p><p>Excm. Sr. Dr.\u00a0\u00a0 SALV\u00c0 MIQUEL, JOSEP ANTONI<\/p><p>Excm. Sr. Dr.\u00a0\u00a0 SAN MART\u00cdN CASAMADA, RAM\u00d3N<\/p><p>Excm. Sr. Dr.\u00a0\u00a0 S\u00c8CULI BRILLAS, JOSEP<\/p><p>Excm. Sr. Dr.\u00a0\u00a0 SOLANES PONSETI, JUAN<\/p><p>Excm. Sr. Dr.\u00a0\u00a0 SORN\u00cd ESTEVA, XAVIER<\/p><p>Excm. Sr. Dr.\u00a0\u00a0 SU\u00d1\u00c9 ARBUSS\u00c0, JOSEP M<\/p><p>Excm. Sr. Dr.\u00a0\u00a0 TAXONERA ROCA, FRANCESC<\/p><p>Excm. Sr. Dr.\u00a0\u00a0 VIDAL-RIBAS ZARAGOZA, RICARDO<\/p><p>Excm. Sr. Dr.\u00a0\u00a0 VILLAR PALAS\u00cd, VICENTE<\/p><p>Excm. Sr. Dr.\u00a0\u00a0 VIRGILI VINADE, JOS\u00c9<\/p><p>Excm. Sr. Dr.\u00a0\u00a0 XIFRA HERAS, JORGE<\/p>\t\t\t\t\t\t\t\t<\/div>\n\t\t\t\t<\/div>\n\t\t\t\t<div class=\"elementor-element elementor-element-4dd1ee3 elementor-widget-divider--view-line elementor-widget elementor-widget-divider\" data-id=\"4dd1ee3\" data-element_type=\"widget\" data-widget_type=\"divider.default\">\n\t\t\t\t<div class=\"elementor-widget-container\">\n\t\t\t\t\t\t\t<div class=\"elementor-divider\">\n\t\t\t<span class=\"elementor-divider-separator\">\n\t\t\t\t\t\t<\/span>\n\t\t<\/div>\n\t\t\t\t\t\t<\/div>\n\t\t\t\t<\/div>\n\t\t\t\t\t<\/div>\n\t\t<\/div>\n\t\t\t\t<div class=\"elementor-column elementor-col-50 elementor-top-column elementor-element elementor-element-7c9e13e9\" data-id=\"7c9e13e9\" data-element_type=\"column\" data-settings=\"{&quot;background_background&quot;:&quot;classic&quot;}\">\n\t\t\t<div class=\"elementor-widget-wrap elementor-element-populated\">\n\t\t\t\t\t\t<div class=\"elementor-element elementor-element-7c0e34a7 elementor-hidden-desktop elementor-hidden-tablet elementor-hidden-phone elementor-widget elementor-widget-heading\" data-id=\"7c0e34a7\" data-element_type=\"widget\" data-widget_type=\"heading.default\">\n\t\t\t\t<div class=\"elementor-widget-container\">\n\t\t\t\t\t<h2 class=\"elementor-heading-title elementor-size-default\">Consulta por<\/br> Tipo de<\/br> PUBLICACIONES<\/h2>\t\t\t\t<\/div>\n\t\t\t\t<\/div>\n\t\t\t\t<div class=\"elementor-element elementor-element-1d8aed71 elementor-hidden-desktop elementor-hidden-tablet elementor-hidden-phone elementor-widget-divider--view-line elementor-widget elementor-widget-divider\" data-id=\"1d8aed71\" data-element_type=\"widget\" data-widget_type=\"divider.default\">\n\t\t\t\t<div class=\"elementor-widget-container\">\n\t\t\t\t\t\t\t<div class=\"elementor-divider\">\n\t\t\t<span class=\"elementor-divider-separator\">\n\t\t\t\t\t\t<\/span>\n\t\t<\/div>\n\t\t\t\t\t\t<\/div>\n\t\t\t\t<\/div>\n\t\t\t\t<div class=\"elementor-element elementor-element-426fb410 elementor-hidden-desktop elementor-hidden-tablet elementor-hidden-phone elementor-widget elementor-widget-heading\" data-id=\"426fb410\" data-element_type=\"widget\" data-widget_type=\"heading.default\">\n\t\t\t\t<div class=\"elementor-widget-container\">\n\t\t\t\t\t<h2 class=\"elementor-heading-title elementor-size-default\">\u00daltimas Lecturas<br>\nde discursos de ingreso<\/h2>\t\t\t\t<\/div>\n\t\t\t\t<\/div>\n\t\t\t\t<div class=\"elementor-element elementor-element-ac902e3 elementor-hidden-desktop elementor-hidden-tablet elementor-hidden-phone elementor-widget-divider--view-line elementor-widget elementor-widget-divider\" data-id=\"ac902e3\" data-element_type=\"widget\" data-widget_type=\"divider.default\">\n\t\t\t\t<div class=\"elementor-widget-container\">\n\t\t\t\t\t\t\t<div class=\"elementor-divider\">\n\t\t\t<span class=\"elementor-divider-separator\">\n\t\t\t\t\t\t<\/span>\n\t\t<\/div>\n\t\t\t\t\t\t<\/div>\n\t\t\t\t<\/div>\n\t\t\t\t<div class=\"elementor-element elementor-element-c6484c4 elementor-widget elementor-widget-heading\" data-id=\"c6484c4\" data-element_type=\"widget\" data-widget_type=\"heading.default\">\n\t\t\t\t<div class=\"elementor-widget-container\">\n\t\t\t\t\t<h2 class=\"elementor-heading-title elementor-size-default\">NOTICIAS<\/h2>\t\t\t\t<\/div>\n\t\t\t\t<\/div>\n\t\t\t\t<div class=\"elementor-element elementor-element-2f9d7c4b elementor-widget-divider--view-line elementor-widget elementor-widget-divider\" data-id=\"2f9d7c4b\" data-element_type=\"widget\" data-widget_type=\"divider.default\">\n\t\t\t\t<div class=\"elementor-widget-container\">\n\t\t\t\t\t\t\t<div class=\"elementor-divider\">\n\t\t\t<span class=\"elementor-divider-separator\">\n\t\t\t\t\t\t<\/span>\n\t\t<\/div>\n\t\t\t\t\t\t<\/div>\n\t\t\t\t<\/div>\n\t\t\t\t<div class=\"elementor-element elementor-element-54b20217 elementor-grid-1 elementor-grid-tablet-1 elementor-grid-mobile-1 elementor-posts--thumbnail-top elementor-widget elementor-widget-posts\" data-id=\"54b20217\" data-element_type=\"widget\" data-settings=\"{&quot;classic_columns&quot;:&quot;1&quot;,&quot;classic_row_gap&quot;:{&quot;unit&quot;:&quot;px&quot;,&quot;size&quot;:24,&quot;sizes&quot;:[]},&quot;classic_columns_tablet&quot;:&quot;1&quot;,&quot;classic_columns_mobile&quot;:&quot;1&quot;,&quot;classic_row_gap_tablet&quot;:{&quot;unit&quot;:&quot;px&quot;,&quot;size&quot;:&quot;&quot;,&quot;sizes&quot;:[]},&quot;classic_row_gap_mobile&quot;:{&quot;unit&quot;:&quot;px&quot;,&quot;size&quot;:&quot;&quot;,&quot;sizes&quot;:[]}}\" data-widget_type=\"posts.classic\">\n\t\t\t\t<div class=\"elementor-widget-container\">\n\t\t\t\t\t\t\t<div class=\"elementor-posts-container elementor-posts elementor-posts--skin-classic elementor-grid\" role=\"list\">\n\t\t\t\t<article class=\"elementor-post elementor-grid-item post-18517 noticies type-noticies status-publish has-post-thumbnail hentry tipus_de_publicacions-lectura-discurso-ac-numerario\" role=\"listitem\">\n\t\t\t\t<a class=\"elementor-post__thumbnail__link\" href=\"https:\/\/rafc.cat\/es\/noticias\/sesion-extraordinaria-de-lectura-del-discurso-del-academico-numerario-dr-xavier-de-diego-navalon\/\" tabindex=\"-1\" >\n\t\t\t<div class=\"elementor-post__thumbnail\"><img fetchpriority=\"high\" decoding=\"async\" width=\"300\" height=\"225\" src=\"https:\/\/rafc.cat\/wp-content\/uploads\/2025\/06\/IMG_20250618_184021-300x225.jpg\" class=\"attachment-medium size-medium wp-image-18518\" alt=\"\" srcset=\"https:\/\/rafc.cat\/wp-content\/uploads\/2025\/06\/IMG_20250618_184021-300x225.jpg 300w, https:\/\/rafc.cat\/wp-content\/uploads\/2025\/06\/IMG_20250618_184021-1024x768.jpg 1024w, https:\/\/rafc.cat\/wp-content\/uploads\/2025\/06\/IMG_20250618_184021-768x576.jpg 768w, https:\/\/rafc.cat\/wp-content\/uploads\/2025\/06\/IMG_20250618_184021-1536x1152.jpg 1536w, https:\/\/rafc.cat\/wp-content\/uploads\/2025\/06\/IMG_20250618_184021-2048x1536.jpg 2048w\" sizes=\"(max-width: 300px) 100vw, 300px\" \/><\/div>\n\t\t<\/a>\n\t\t\t\t<div class=\"elementor-post__text\">\n\t\t\t\t<h3 class=\"elementor-post__title\">\n\t\t\t<a href=\"https:\/\/rafc.cat\/es\/noticias\/sesion-extraordinaria-de-lectura-del-discurso-del-academico-numerario-dr-xavier-de-diego-navalon\/\" >\n\t\t\t\tSesi\u00f3n Extraordinaria de Lectura del Discurso del Acad\u00e9mico Numerario Dr. Xavier de Diego Naval\u00f3n\t\t\t<\/a>\n\t\t<\/h3>\n\t\t\n\t\t<a class=\"elementor-post__read-more\" href=\"https:\/\/rafc.cat\/es\/noticias\/sesion-extraordinaria-de-lectura-del-discurso-del-academico-numerario-dr-xavier-de-diego-navalon\/\" aria-label=\"M\u00e1s informaci\u00f3n sobre Sesi\u00f3n Extraordinaria de Lectura del Discurso del Acad\u00e9mico Numerario Dr. Xavier de Diego Naval\u00f3n\" tabindex=\"-1\" >\n\t\t\tM\u00e1s informaci\u00f3n &gt;\t\t<\/a>\n\n\t\t\t\t<\/div>\n\t\t\t\t<\/article>\n\t\t\t\t<article class=\"elementor-post elementor-grid-item post-18502 noticies type-noticies status-publish has-post-thumbnail hentry tipus_de_publicacions-lectura-discurso-ac-numerario\" role=\"listitem\">\n\t\t\t\t<a class=\"elementor-post__thumbnail__link\" href=\"https:\/\/rafc.cat\/es\/noticias\/sesion-extraordinario-de-lectura-del-discurso-de-la-academica-numeraria-la-excma-sra-dra-pilar-gascon-lecha\/\" tabindex=\"-1\" >\n\t\t\t<div class=\"elementor-post__thumbnail\"><img decoding=\"async\" width=\"300\" height=\"225\" src=\"https:\/\/rafc.cat\/wp-content\/uploads\/2025\/06\/IMG_20250616_185155-300x225.jpg\" class=\"attachment-medium size-medium wp-image-18504\" alt=\"\" srcset=\"https:\/\/rafc.cat\/wp-content\/uploads\/2025\/06\/IMG_20250616_185155-300x225.jpg 300w, https:\/\/rafc.cat\/wp-content\/uploads\/2025\/06\/IMG_20250616_185155-1024x768.jpg 1024w, https:\/\/rafc.cat\/wp-content\/uploads\/2025\/06\/IMG_20250616_185155-768x576.jpg 768w, https:\/\/rafc.cat\/wp-content\/uploads\/2025\/06\/IMG_20250616_185155-1536x1152.jpg 1536w, https:\/\/rafc.cat\/wp-content\/uploads\/2025\/06\/IMG_20250616_185155-2048x1536.jpg 2048w\" sizes=\"(max-width: 300px) 100vw, 300px\" \/><\/div>\n\t\t<\/a>\n\t\t\t\t<div class=\"elementor-post__text\">\n\t\t\t\t<h3 class=\"elementor-post__title\">\n\t\t\t<a href=\"https:\/\/rafc.cat\/es\/noticias\/sesion-extraordinario-de-lectura-del-discurso-de-la-academica-numeraria-la-excma-sra-dra-pilar-gascon-lecha\/\" >\n\t\t\t\tSesi\u00f3n Extraordinario de Lectura del Discurso de la Acad\u00e9mica Numerar\u00eda la Excma. Sra. Dra. Pilar Gasc\u00f3n Lecha\t\t\t<\/a>\n\t\t<\/h3>\n\t\t\n\t\t<a class=\"elementor-post__read-more\" href=\"https:\/\/rafc.cat\/es\/noticias\/sesion-extraordinario-de-lectura-del-discurso-de-la-academica-numeraria-la-excma-sra-dra-pilar-gascon-lecha\/\" aria-label=\"M\u00e1s informaci\u00f3n sobre Sesi\u00f3n Extraordinario de Lectura del Discurso de la Acad\u00e9mica Numerar\u00eda la Excma. Sra. Dra. Pilar Gasc\u00f3n Lecha\" tabindex=\"-1\" >\n\t\t\tM\u00e1s informaci\u00f3n &gt;\t\t<\/a>\n\n\t\t\t\t<\/div>\n\t\t\t\t<\/article>\n\t\t\t\t<article class=\"elementor-post elementor-grid-item post-18491 noticies type-noticies status-publish has-post-thumbnail hentry tipus_de_publicacions-lectura-discurso-ac-correspondiente\" role=\"listitem\">\n\t\t\t\t<a class=\"elementor-post__thumbnail__link\" href=\"https:\/\/rafc.cat\/es\/noticias\/sesion-extraordinaria-de-lectura-del-discurso-del-academico-correspondiendo-el-ilustre-sr-dr-joaquim-suner-carbo\/\" tabindex=\"-1\" >\n\t\t\t<div class=\"elementor-post__thumbnail\"><img decoding=\"async\" width=\"300\" height=\"225\" src=\"https:\/\/rafc.cat\/wp-content\/uploads\/2025\/06\/IMG_20250604_184606-300x225.jpg\" class=\"attachment-medium size-medium wp-image-18496\" alt=\"\" srcset=\"https:\/\/rafc.cat\/wp-content\/uploads\/2025\/06\/IMG_20250604_184606-300x225.jpg 300w, https:\/\/rafc.cat\/wp-content\/uploads\/2025\/06\/IMG_20250604_184606-1024x768.jpg 1024w, https:\/\/rafc.cat\/wp-content\/uploads\/2025\/06\/IMG_20250604_184606-768x576.jpg 768w, https:\/\/rafc.cat\/wp-content\/uploads\/2025\/06\/IMG_20250604_184606-1536x1152.jpg 1536w, https:\/\/rafc.cat\/wp-content\/uploads\/2025\/06\/IMG_20250604_184606-2048x1536.jpg 2048w\" sizes=\"(max-width: 300px) 100vw, 300px\" \/><\/div>\n\t\t<\/a>\n\t\t\t\t<div class=\"elementor-post__text\">\n\t\t\t\t<h3 class=\"elementor-post__title\">\n\t\t\t<a href=\"https:\/\/rafc.cat\/es\/noticias\/sesion-extraordinaria-de-lectura-del-discurso-del-academico-correspondiendo-el-ilustre-sr-dr-joaquim-suner-carbo\/\" >\n\t\t\t\tSesi\u00f3n Extraordinaria de Lectura del Discurso del Acad\u00e9mico correspondiendo el Ilustre Sr. Dr. Joaquim Su\u00f1er Carb\u00f3\t\t\t<\/a>\n\t\t<\/h3>\n\t\t\n\t\t<a class=\"elementor-post__read-more\" href=\"https:\/\/rafc.cat\/es\/noticias\/sesion-extraordinaria-de-lectura-del-discurso-del-academico-correspondiendo-el-ilustre-sr-dr-joaquim-suner-carbo\/\" aria-label=\"M\u00e1s informaci\u00f3n sobre Sesi\u00f3n Extraordinaria de Lectura del Discurso del Acad\u00e9mico correspondiendo el Ilustre Sr. Dr. Joaquim Su\u00f1er Carb\u00f3\" tabindex=\"-1\" >\n\t\t\tM\u00e1s informaci\u00f3n &gt;\t\t<\/a>\n\n\t\t\t\t<\/div>\n\t\t\t\t<\/article>\n\t\t\t\t<\/div>\n\t\t\n\t\t\t\t\t\t<\/div>\n\t\t\t\t<\/div>\n\t\t\t\t\t<\/div>\n\t\t<\/div>\n\t\t\t\t\t<\/div>\n\t\t<\/section>\n\t\t\t\t<\/div>\n\t\t","protected":false},"excerpt":{"rendered":"<p>Acad\u00e9micos Numerarios Excm. Sr. Dr.\u00a0\u00a0 \u00a0ADZET PORREDON, TOM\u00c0S Excm. Sr. Dr.\u00a0\u00a0 ALBORS YOLDI, EDUARDO Excm. Sr. Dr.\u00a0\u00a0 AMARG\u00d3S ANORO, JOSEP Excm. Sr. Dr.\u00a0\u00a0 AMAT BARGU\u00c9S,<\/p>\n","protected":false},"author":1,"featured_media":0,"parent":0,"menu_order":0,"comment_status":"closed","ping_status":"closed","template":"","meta":{"_acf_changed":false,"footnotes":""},"class_list":["post-9082","page","type-page","status-publish","hentry"],"acf":[],"_links":{"self":[{"href":"https:\/\/rafc.cat\/es\/wp-json\/wp\/v2\/pages\/9082","targetHints":{"allow":["GET"]}}],"collection":[{"href":"https:\/\/rafc.cat\/es\/wp-json\/wp\/v2\/pages"}],"about":[{"href":"https:\/\/rafc.cat\/es\/wp-json\/wp\/v2\/types\/page"}],"author":[{"embeddable":true,"href":"https:\/\/rafc.cat\/es\/wp-json\/wp\/v2\/users\/1"}],"replies":[{"embeddable":true,"href":"https:\/\/rafc.cat\/es\/wp-json\/wp\/v2\/comments?post=9082"}],"version-history":[{"count":7,"href":"https:\/\/rafc.cat\/es\/wp-json\/wp\/v2\/pages\/9082\/revisions"}],"predecessor-version":[{"id":11116,"href":"https:\/\/rafc.cat\/es\/wp-json\/wp\/v2\/pages\/9082\/revisions\/11116"}],"wp:attachment":[{"href":"https:\/\/rafc.cat\/es\/wp-json\/wp\/v2\/media?parent=9082"}],"curies":[{"name":"wp","href":"https:\/\/api.w.org\/{rel}","templated":true}]}}